{"id":83,"date":"2013-06-10T12:08:09","date_gmt":"2013-06-10T10:08:09","guid":{"rendered":"http:\/\/www.asv-hofweier.de\/wordpress\/?page_id=83"},"modified":"2024-06-25T11:14:54","modified_gmt":"2024-06-25T09:14:54","slug":"aktuelles","status":"publish","type":"page","link":"https:\/\/www.asv-hofweier.de\/wordpress\/","title":{"rendered":"Aktuelles"},"content":{"rendered":"<p>&nbsp;<\/p>\n<h1 style=\"text-align: center;\"><span style=\"color: #ff0000;\">Fisch des Jahres 2023<\/span><\/h1>\n<h1>Der Flussbarsch (Perca fluviatilis) wird Fisch des Jahres 2023<\/h1>\n<p><a href=\"http:\/\/www.asv-hofweier.de\/wordpress\/wp-content\/uploads\/2023\/03\/Flussbarsch-DAFV-1200x612-1.jpg\"><img decoding=\"async\" class=\"alignnone size-large wp-image-859 lazyload\" data-src=\"http:\/\/www.asv-hofweier.de\/wordpress\/wp-content\/uploads\/2023\/03\/Flussbarsch-DAFV-1200x612-1-1024x522.jpg\" alt=\"\" width=\"1024\" height=\"522\" data-srcset=\"https:\/\/www.asv-hofweier.de\/wordpress\/wp-content\/uploads\/2023\/03\/Flussbarsch-DAFV-1200x612-1-200x102.jpg 200w, https:\/\/www.asv-hofweier.de\/wordpress\/wp-content\/uploads\/2023\/03\/Flussbarsch-DAFV-1200x612-1-300x153.jpg 300w, https:\/\/www.asv-hofweier.de\/wordpress\/wp-content\/uploads\/2023\/03\/Flussbarsch-DAFV-1200x612-1-400x204.jpg 400w, https:\/\/www.asv-hofweier.de\/wordpress\/wp-content\/uploads\/2023\/03\/Flussbarsch-DAFV-1200x612-1-600x306.jpg 600w, https:\/\/www.asv-hofweier.de\/wordpress\/wp-content\/uploads\/2023\/03\/Flussbarsch-DAFV-1200x612-1-768x392.jpg 768w, https:\/\/www.asv-hofweier.de\/wordpress\/wp-content\/uploads\/2023\/03\/Flussbarsch-DAFV-1200x612-1-800x408.jpg 800w, https:\/\/www.asv-hofweier.de\/wordpress\/wp-content\/uploads\/2023\/03\/Flussbarsch-DAFV-1200x612-1-1024x522.jpg 1024w, https:\/\/www.asv-hofweier.de\/wordpress\/wp-content\/uploads\/2023\/03\/Flussbarsch-DAFV-1200x612-1.jpg 1200w\" data-sizes=\"(max-width: 1024px) 100vw, 1024px\" src=\"data:image\/svg+xml;base64,PHN2ZyB3aWR0aD0iMSIgaGVpZ2h0PSIxIiB4bWxucz0iaHR0cDovL3d3dy53My5vcmcvMjAwMC9zdmciPjwvc3ZnPg==\" style=\"--smush-placeholder-width: 1024px; --smush-placeholder-aspect-ratio: 1024\/522;\" \/><\/a><\/p>\n<p>Der Flussbarsch wurde vom Deutschen Angelfischerverband e.V. gemeinsam mit dem Verband Deutscher Sporttaucher e.V. und der Gesellschaft f\u00fcr Ichthyologie e.V. zum Fisch des Jahres 2023 gew\u00e4hlt.<\/p>\n<div class=\"itemIntroText\">\n<p>Der Flussbarsch ist eine in Flie\u00df- und Stillgew\u00e4ssern in Eurasien weit verbreitete Art, die nur geringe Anspr\u00fcche an die Struktur und Qualit\u00e4t ihrer Umgebung stellt. Barsche besiedeln daher auch schnell neu entstandene Gew\u00e4sser wie Baggerseen oder Tagebaurestl\u00f6cher. Der Flussbarsch ist einer der farbenfroheren Fischarten in unseren Gew\u00e4ssern. Eine gelblich-gr\u00fcne Grundf\u00e4rbung mit schwarzen Querbinden, zwei R\u00fcckenflossen, von denen die erste stachelig ist und am Ende einen schwarzen Fleck hat, kennzeichnen die Art. Die restlichen Flossen sind rot. Als Jungfisch sind Barsche oft im Schwarm unterwegs, sp\u00e4ter werden gro\u00dfe Exemplare Einzelg\u00e4nger. Ihre Eier legen Barsche zwischen M\u00e4rz und Juni an Pflanzen in langen Laichb\u00e4ndern ab.<\/p>\n<\/div>\n<div class=\"itemFullText\">\n<p>Die Larven wachsen rasch und nehmen Zooplankton als Nahrung auf. Im Durchschnitt stellen Barsche bei einer K\u00f6rperl\u00e4nge von 12 cm ihre Nahrungspr\u00e4ferenz auf Fische um. Interessanterweise nehmen manche Barsche sehr schnell Fischlarven als Nahrung an. Diese eiwei\u00dfreiche Kost sorgt f\u00fcr ein schnelleres Wachstum, sodass es deutliche Gr\u00f6\u00dfenunterschiede bei gleichaltrigen Individuen im Gew\u00e4sser geben kann. Barsche k\u00f6nnen bis zu 60 cm lang und 4,8 kg schwer werden. Exemplare von mehr als 40 cm gelten aber als gro\u00df, solche \u00fcber 50 cm sind sehr selten.<\/p>\n<p>Barsche haben eine gro\u00dfe Bedeutung bei der Regulation der Nahrungskette in Gew\u00e4ssern. Bei einem guten Nahrungsangebot stellen sie schnell auf Fischnahrung um und dezimieren die Wei\u00dffischbrut. Ist das Angebot an N\u00e4hrtieren gering, neigt auch der Barsch zur Kleinw\u00fcchsigkeit. Barsche ziehen in ihrem Lebensraum umher und sind nicht standorttreu. Sie jagen oft im Schwarm. Aufgrund ihrer geringen Anspr\u00fcche an ihren Lebensraum besiedeln Barsche schnell neu entstandene anthropogene Gew\u00e4sser wie z.B. Baggerseen. Auch in den gro\u00dfen Schifffahrtskan\u00e4len stellen Barsche oft einen Gro\u00dfteil der Fischbiomasse.<\/p>\n<p>Stellvertretend steht der Flussbarsch f\u00fcr die allgemeine Gef\u00e4hrdung unserer Fischfauna, was zunehmend auch die h\u00e4ufigeren Arten betrifft. Die extremen D\u00fcrreperioden der letzten Jahre haben viele kleinere B\u00e4che und Teiche austrocknen lassen, Phasen mit viel zu hohen Wassertemperaturen und dadurch bedingten Sauerstoffmangel werden h\u00e4ufiger. Insbesondere \u00fcber die Dokumentation des Vorkommens h\u00e4ufiger und auch von Laien gut bestimmbaren Arten wie dem Flussbarsch k\u00f6nnen wichtige Daten zum Biodiversit\u00e4tswandel erhoben werden.<\/p>\n<p>Flussbarsche sind aufgrund ihres gr\u00e4tenarmen, festen Fleisches beliebt als Speisefisch und haben eine gro\u00dfe Bedeutung als Zielfisch in der Angelfischerei. Sie lassen sich auch von der beruflichen Binnenfischerei gut vermarkten. Die meisten Angler sch\u00e4tzen die Art und verwerten gefangene Fische. Da die nachgefragten Mengen an Flussbarschen von der Fischerei kaum zur Verf\u00fcgung gestellt werden k\u00f6nnen, wird er seit einigen Jahren vor allem in Osteuropa auch in Aquakulturbetrieben produziert. Die Mengen steigen, sind aber noch verh\u00e4ltnism\u00e4\u00dfig klein. Durch seine ausgedehnte Verbreitung steht der Barsch wie kaum eine andere Art f\u00fcr die M\u00f6glichkeit des Verzehrs heimischer S\u00fc\u00dfwasserfische aus lokalen Gew\u00e4ssern.<\/p>\n<p><a href=\"http:\/\/www.asv-hofweier.de\/wordpress\/wp-content\/uploads\/2023\/03\/DAFV_-_Flussbarsch_-_Perca_fluviatilis__DAFV_Olaf_Lindner.jpg\"><img decoding=\"async\" class=\"alignnone size-large wp-image-858 lazyload\" data-src=\"http:\/\/www.asv-hofweier.de\/wordpress\/wp-content\/uploads\/2023\/03\/DAFV_-_Flussbarsch_-_Perca_fluviatilis__DAFV_Olaf_Lindner-1024x683.jpg\" alt=\"\" width=\"1024\" height=\"683\" data-srcset=\"https:\/\/www.asv-hofweier.de\/wordpress\/wp-content\/uploads\/2023\/03\/DAFV_-_Flussbarsch_-_Perca_fluviatilis__DAFV_Olaf_Lindner-120x80.jpg 120w, https:\/\/www.asv-hofweier.de\/wordpress\/wp-content\/uploads\/2023\/03\/DAFV_-_Flussbarsch_-_Perca_fluviatilis__DAFV_Olaf_Lindner-200x133.jpg 200w, https:\/\/www.asv-hofweier.de\/wordpress\/wp-content\/uploads\/2023\/03\/DAFV_-_Flussbarsch_-_Perca_fluviatilis__DAFV_Olaf_Lindner-300x200.jpg 300w, https:\/\/www.asv-hofweier.de\/wordpress\/wp-content\/uploads\/2023\/03\/DAFV_-_Flussbarsch_-_Perca_fluviatilis__DAFV_Olaf_Lindner-400x267.jpg 400w, https:\/\/www.asv-hofweier.de\/wordpress\/wp-content\/uploads\/2023\/03\/DAFV_-_Flussbarsch_-_Perca_fluviatilis__DAFV_Olaf_Lindner-600x400.jpg 600w, https:\/\/www.asv-hofweier.de\/wordpress\/wp-content\/uploads\/2023\/03\/DAFV_-_Flussbarsch_-_Perca_fluviatilis__DAFV_Olaf_Lindner-768x512.jpg 768w, https:\/\/www.asv-hofweier.de\/wordpress\/wp-content\/uploads\/2023\/03\/DAFV_-_Flussbarsch_-_Perca_fluviatilis__DAFV_Olaf_Lindner-800x533.jpg 800w, https:\/\/www.asv-hofweier.de\/wordpress\/wp-content\/uploads\/2023\/03\/DAFV_-_Flussbarsch_-_Perca_fluviatilis__DAFV_Olaf_Lindner-1024x683.jpg 1024w, https:\/\/www.asv-hofweier.de\/wordpress\/wp-content\/uploads\/2023\/03\/DAFV_-_Flussbarsch_-_Perca_fluviatilis__DAFV_Olaf_Lindner-1200x800.jpg 1200w, https:\/\/www.asv-hofweier.de\/wordpress\/wp-content\/uploads\/2023\/03\/DAFV_-_Flussbarsch_-_Perca_fluviatilis__DAFV_Olaf_Lindner-1536x1024.jpg 1536w, https:\/\/www.asv-hofweier.de\/wordpress\/wp-content\/uploads\/2023\/03\/DAFV_-_Flussbarsch_-_Perca_fluviatilis__DAFV_Olaf_Lindner.jpg 1920w\" data-sizes=\"(max-width: 1024px) 100vw, 1024px\" src=\"data:image\/svg+xml;base64,PHN2ZyB3aWR0aD0iMSIgaGVpZ2h0PSIxIiB4bWxucz0iaHR0cDovL3d3dy53My5vcmcvMjAwMC9zdmciPjwvc3ZnPg==\" style=\"--smush-placeholder-width: 1024px; --smush-placeholder-aspect-ratio: 1024\/683;\" \/><\/a><\/p>\n<p>Historisch betrachtet hat der Flussbarsch Bedeutung f\u00fcr die Entstehung von fischereirechtlichen Regelungen. Am Bodensee fiel Ende des 18. Jahrhunderts auf, dass die Best\u00e4nde der Barsche stark abgenommen hatten, was unter anderem darauf zur\u00fcckgef\u00fchrt wurde, dass zu viele Jungfische gefangen und als so genannter \u201eH\u00fcrling\u201c auf den M\u00e4rkten verkauft wurde. Um die Best\u00e4nde zu schonen, wurden im Rahmen der \u201eBregenzer \u00dcbereinkunft\u201c von 1893 Schonzeiten und Schonma\u00dfe f\u00fcr einzelne Fischarten festgesetzt. Die Bregenzer \u00dcbereinkunft ist der \u00e4lteste bekannte internationale Fischerei-Vertrag, der heute noch g\u00fcltig ist.<\/p>\n<p>&nbsp;<\/p>\n<\/div>\n<p>&nbsp;<\/p>\n","protected":false},"excerpt":{"rendered":"<p>&nbsp; Fisch des Jahres 2023 Der Flussbarsch (Perca fluviatilis) wird [&hellip;]<\/p>\n","protected":false},"author":2,"featured_media":0,"parent":0,"menu_order":0,"comment_status":"open","ping_status":"closed","template":"","meta":{"footnotes":""},"class_list":["post-83","page","type-page","status-publish","hentry"],"_links":{"self":[{"href":"https:\/\/www.asv-hofweier.de\/wordpress\/index.php?rest_route=\/wp\/v2\/pages\/83","targetHints":{"allow":["GET"]}}],"collection":[{"href":"https:\/\/www.asv-hofweier.de\/wordpress\/index.php?rest_route=\/wp\/v2\/pages"}],"about":[{"href":"https:\/\/www.asv-hofweier.de\/wordpress\/index.php?rest_route=\/wp\/v2\/types\/page"}],"author":[{"embeddable":true,"href":"https:\/\/www.asv-hofweier.de\/wordpress\/index.php?rest_route=\/wp\/v2\/users\/2"}],"replies":[{"embeddable":true,"href":"https:\/\/www.asv-hofweier.de\/wordpress\/index.php?rest_route=%2Fwp%2Fv2%2Fcomments&post=83"}],"version-history":[{"count":45,"href":"https:\/\/www.asv-hofweier.de\/wordpress\/index.php?rest_route=\/wp\/v2\/pages\/83\/revisions"}],"predecessor-version":[{"id":885,"href":"https:\/\/www.asv-hofweier.de\/wordpress\/index.php?rest_route=\/wp\/v2\/pages\/83\/revisions\/885"}],"wp:attachment":[{"href":"https:\/\/www.asv-hofweier.de\/wordpress\/index.php?rest_route=%2Fwp%2Fv2%2Fmedia&parent=83"}],"curies":[{"name":"wp","href":"https:\/\/api.w.org\/{rel}","templated":true}]}}