{"id":7,"date":"2013-06-07T14:42:03","date_gmt":"2013-06-07T12:42:03","guid":{"rendered":"http:\/\/www.asv-hofweier.de\/wordpress\/?page_id=7"},"modified":"2022-04-18T01:46:07","modified_gmt":"2022-04-17T23:46:07","slug":"gewasser","status":"publish","type":"page","link":"https:\/\/www.asv-hofweier.de\/wordpress\/?page_id=7","title":{"rendered":"Gew\u00e4sser"},"content":{"rendered":"<h5 style=\"text-align: center;\">K\u00f6nigwaldsee in Hofweier<\/h5>\n<h5><a href=\"http:\/\/www.asv-hofweier.de\/wordpress\/wp-content\/uploads\/2020\/07\/2829.jpg\"><img decoding=\"async\" class=\"size-full wp-image-465 aligncenter lazyload\" data-src=\"http:\/\/www.asv-hofweier.de\/wordpress\/wp-content\/uploads\/2020\/07\/2829.jpg\" alt=\"\" width=\"800\" height=\"600\" data-srcset=\"https:\/\/www.asv-hofweier.de\/wordpress\/wp-content\/uploads\/2020\/07\/2829-300x225.jpg 300w, https:\/\/www.asv-hofweier.de\/wordpress\/wp-content\/uploads\/2020\/07\/2829-768x576.jpg 768w, https:\/\/www.asv-hofweier.de\/wordpress\/wp-content\/uploads\/2020\/07\/2829.jpg 800w\" data-sizes=\"(max-width: 800px) 100vw, 800px\" src=\"data:image\/svg+xml;base64,PHN2ZyB3aWR0aD0iMSIgaGVpZ2h0PSIxIiB4bWxucz0iaHR0cDovL3d3dy53My5vcmcvMjAwMC9zdmciPjwvc3ZnPg==\" style=\"--smush-placeholder-width: 800px; --smush-placeholder-aspect-ratio: 800\/600;\" \/><\/a><\/h5>\n<p><span style=\"color: #000000;\">Erreichbar von der Bundesstra\u00dfe 3 zwischen Hofweier und Offenburg nach rechts Richtung Schwaderloch und Verkehrswendeplatz oder von Hofweier \u00fcber Landwirtschaftswege.<\/span><\/p>\n<h3 style=\"text-align: center;\"><strong><em>Angeln am Rhein<\/em><\/strong><\/h3>\n<p style=\"text-align: center;\"><a href=\"http:\/\/www.asv-hofweier.de\/wordpress\/wp-content\/uploads\/2020\/07\/rhein.jpg\"><img decoding=\"async\" class=\"alignnone size-large wp-image-466 lazyload\" data-src=\"http:\/\/www.asv-hofweier.de\/wordpress\/wp-content\/uploads\/2020\/07\/rhein-1024x683.jpg\" alt=\"\" width=\"600\" height=\"400\" data-srcset=\"https:\/\/www.asv-hofweier.de\/wordpress\/wp-content\/uploads\/2020\/07\/rhein-300x200.jpg 300w, https:\/\/www.asv-hofweier.de\/wordpress\/wp-content\/uploads\/2020\/07\/rhein-768x512.jpg 768w, https:\/\/www.asv-hofweier.de\/wordpress\/wp-content\/uploads\/2020\/07\/rhein-1024x683.jpg 1024w, https:\/\/www.asv-hofweier.de\/wordpress\/wp-content\/uploads\/2020\/07\/rhein.jpg 2048w\" data-sizes=\"(max-width: 600px) 100vw, 600px\" src=\"data:image\/svg+xml;base64,PHN2ZyB3aWR0aD0iMSIgaGVpZ2h0PSIxIiB4bWxucz0iaHR0cDovL3d3dy53My5vcmcvMjAwMC9zdmciPjwvc3ZnPg==\" style=\"--smush-placeholder-width: 600px; --smush-placeholder-aspect-ratio: 600\/400;\" \/><\/a><\/p>\n<p>Seit 2016 haben wir auch \u00fcber 3 km Rhein zum\u00a0 Befischen. Gemarkungsgrenzen zwischen Ichenheim und Altenheim km 279-282. Ebenso den Rheinseitengraben einschliesslich vier Kiesentnahmestellen mit ca. 3 ha Wasserfl\u00e4che. F\u00fcr viele Angler ist das Befischen des Rheines als Flie\u00dfgew\u00e4sser eine willkommene Abwechslung zum \u201eK\u00f6nigswaldsee \u201e (stehendes Gew\u00e4sser).<\/p>\n<p style=\"text-align: center;\"><a href=\"http:\/\/www.asv-hofweier.de\/wordpress\/wp-content\/uploads\/2020\/07\/1.jpg\"><img decoding=\"async\" class=\"alignnone size-large wp-image-472 lazyload\" data-src=\"http:\/\/www.asv-hofweier.de\/wordpress\/wp-content\/uploads\/2020\/07\/1-1024x576.jpg\" alt=\"\" width=\"600\" height=\"338\" data-srcset=\"https:\/\/www.asv-hofweier.de\/wordpress\/wp-content\/uploads\/2020\/07\/1-300x169.jpg 300w, https:\/\/www.asv-hofweier.de\/wordpress\/wp-content\/uploads\/2020\/07\/1-768x432.jpg 768w, https:\/\/www.asv-hofweier.de\/wordpress\/wp-content\/uploads\/2020\/07\/1-1024x576.jpg 1024w, https:\/\/www.asv-hofweier.de\/wordpress\/wp-content\/uploads\/2020\/07\/1.jpg 1080w\" data-sizes=\"(max-width: 600px) 100vw, 600px\" src=\"data:image\/svg+xml;base64,PHN2ZyB3aWR0aD0iMSIgaGVpZ2h0PSIxIiB4bWxucz0iaHR0cDovL3d3dy53My5vcmcvMjAwMC9zdmciPjwvc3ZnPg==\" style=\"--smush-placeholder-width: 600px; --smush-placeholder-aspect-ratio: 600\/338;\" \/><\/a><\/p>\n<h2 style=\"text-align: center;\"><\/h2>\n<h2 style=\"text-align: center;\"><strong><span style=\"color: #ff0000;\">Unsere Gew\u00e4sserwarte<\/span><\/strong><\/h2>\n<p style=\"text-align: center;\">Durch die jahrelang gewonnenen Erkenntnisse \u00fcber die Reaktion der Gew\u00e4sserbiotope, insbesondere des Fischbestandes, auf sch\u00e4dliche Umwelteinfl\u00fcsse oder agrarische Aktivit\u00e4ten hat sich das Aufgabenbild des Gew\u00e4sserwartes gewandelt. Seine Aufgaben sind nicht nur Beobachtung und Pflege des Fischbestandes und reine visuelle Kontrolle.Heute geh\u00f6ren die chemische und biologische Wasseranalyse zum Aufgabengebiet, Ver\u00e4nderungen in Fauna und Flora, sowie das Kalkulieren und Regulieren des Fischbestandes.Deshalb m\u00fcssen Kenntnisse in der Gew\u00e4sserkunde, sowie in der allgemeinen und speziellen Fischbiologie vorhanden sein. Dazu kommen Grundkenntnisse in der Biologie der Wassertiere und Wasserpflanzen, in der Gew\u00e4sserchemie, sowie in der Technik der Gew\u00e4sseruntersuchungen. Aber auch Gesetzeskunde im Fischereirecht, im Wasser-, Natur- und Tierschutz d\u00fcrfen nicht fehlen.<\/p>\n<p style=\"text-align: center;\"><a href=\"http:\/\/www.asv-hofweier.de\/wordpress\/wp-content\/uploads\/2020\/07\/11-1.jpg\"><img decoding=\"async\" class=\"alignnone size-fusion-600 wp-image-521 lazyload\" data-src=\"http:\/\/www.asv-hofweier.de\/wordpress\/wp-content\/uploads\/2020\/07\/11-1-600x400.jpg\" alt=\"\" width=\"600\" height=\"400\" data-srcset=\"https:\/\/www.asv-hofweier.de\/wordpress\/wp-content\/uploads\/2020\/07\/11-1-120x80.jpg 120w, https:\/\/www.asv-hofweier.de\/wordpress\/wp-content\/uploads\/2020\/07\/11-1-200x133.jpg 200w, https:\/\/www.asv-hofweier.de\/wordpress\/wp-content\/uploads\/2020\/07\/11-1-300x200.jpg 300w, https:\/\/www.asv-hofweier.de\/wordpress\/wp-content\/uploads\/2020\/07\/11-1-400x266.jpg 400w, https:\/\/www.asv-hofweier.de\/wordpress\/wp-content\/uploads\/2020\/07\/11-1-600x400.jpg 600w, https:\/\/www.asv-hofweier.de\/wordpress\/wp-content\/uploads\/2020\/07\/11-1-768x511.jpg 768w, https:\/\/www.asv-hofweier.de\/wordpress\/wp-content\/uploads\/2020\/07\/11-1-800x533.jpg 800w, https:\/\/www.asv-hofweier.de\/wordpress\/wp-content\/uploads\/2020\/07\/11-1-1024x682.jpg 1024w, https:\/\/www.asv-hofweier.de\/wordpress\/wp-content\/uploads\/2020\/07\/11-1-1200x799.jpg 1200w, https:\/\/www.asv-hofweier.de\/wordpress\/wp-content\/uploads\/2020\/07\/11-1-1536x1023.jpg 1536w, https:\/\/www.asv-hofweier.de\/wordpress\/wp-content\/uploads\/2020\/07\/11-1.jpg 1601w\" data-sizes=\"(max-width: 600px) 100vw, 600px\" src=\"data:image\/svg+xml;base64,PHN2ZyB3aWR0aD0iMSIgaGVpZ2h0PSIxIiB4bWxucz0iaHR0cDovL3d3dy53My5vcmcvMjAwMC9zdmciPjwvc3ZnPg==\" style=\"--smush-placeholder-width: 600px; --smush-placeholder-aspect-ratio: 600\/400;\" \/><\/a><\/p>\n<p style=\"text-align: center;\">Alle 5 Gew\u00e4sserwarte haben Grundlehrg\u00e4nge absolviert, sowie weiterbildende Tagungen oder Wochenlehrg\u00e4nge an den entsprechenden staatlichen Einrichtungen des Landesfischereiverbandes.Voraussetzung f\u00fcr eine genaue Kontrolle der Wasserqualit\u00e4t ist ein entsprechendes Analyseger\u00e4t. Durch das Ger\u00e4t wird u.a. der PH-Wert, Sauerstoff, das SBV (S\u00e4urebindungsverm\u00f6gen), Temperatur, Ammonium, Nitrat, Nitrit, Phosphat und vieles andere gemessen.Aber nicht nur die Gew\u00e4sseranalyse und Beobachtung z\u00e4hlen zu den Aufgaben der Gew\u00e4sserwarte. In den zur\u00fcckliegenden 50 Jahren haben die Gew\u00e4sserwarte j\u00e4hrlich ca.1200 Arbeitsstunden mit den Mitgliedern durchgef\u00fchrt. Jedes aktive Mitglied hat in den ersten 3 Jahren 35 Stunden zu absolvieren. Danach m\u00fcssen pro Jahr weitere 8 Stunden erbracht werden.Zirka 12 Arbeitseins\u00e4tze pro Jahr sind von unseren Gew\u00e4sserwarten vorzubereiten und zu leiten. Zu den Hauptaufgaben z\u00e4hlen: Uferzonen s\u00e4ubern und sichern, Hecken und B\u00e4ume unter Ber\u00fccksichtigung des Naturschutzes von \u00fcberm\u00e4\u00dfigem Bewuchs befreien, Laich- und Schutzzonen unserer Jungfische \u00fcberwachen und durch geeignete Ma\u00dfnahmen sichern. Auch Z\u00e4une und Wege m\u00fcssen ab und zu ausgebessert werden. Ein Hauptproblem stellt in den Sommermonaten das Eingreifen zur Stabilisierung der Wasserqualit\u00e4t dar. Durch die Aquamotec-Anlage, die wir vor 12 Jahren installiert haben, wurde die Qualit\u00e4t im nahen Umkreis zusehends verbessert. Auch das Abm\u00e4hen des Krautes, mit unserem eigenen M\u00e4hboot, im K\u00f6nigswaldsee ist ein tonnenschweres Unterfangen. Mittlerweile hat sich der Pflanzenbewuchs mehr als halbiert.<\/p>\n<p><a href=\"http:\/\/www.asv-hofweier.de\/wordpress\/wp-content\/uploads\/2020\/07\/12-1.jpg\"><img decoding=\"async\" class=\"alignnone size-fusion-600 wp-image-522 aligncenter lazyload\" data-src=\"http:\/\/www.asv-hofweier.de\/wordpress\/wp-content\/uploads\/2020\/07\/12-1-600x351.jpg\" alt=\"\" width=\"600\" height=\"351\" data-srcset=\"https:\/\/www.asv-hofweier.de\/wordpress\/wp-content\/uploads\/2020\/07\/12-1-200x117.jpg 200w, https:\/\/www.asv-hofweier.de\/wordpress\/wp-content\/uploads\/2020\/07\/12-1-300x176.jpg 300w, https:\/\/www.asv-hofweier.de\/wordpress\/wp-content\/uploads\/2020\/07\/12-1-400x234.jpg 400w, https:\/\/www.asv-hofweier.de\/wordpress\/wp-content\/uploads\/2020\/07\/12-1-600x351.jpg 600w, https:\/\/www.asv-hofweier.de\/wordpress\/wp-content\/uploads\/2020\/07\/12-1-768x450.jpg 768w, https:\/\/www.asv-hofweier.de\/wordpress\/wp-content\/uploads\/2020\/07\/12-1-800x468.jpg 800w, https:\/\/www.asv-hofweier.de\/wordpress\/wp-content\/uploads\/2020\/07\/12-1-1024x600.jpg 1024w, https:\/\/www.asv-hofweier.de\/wordpress\/wp-content\/uploads\/2020\/07\/12-1-1200x703.jpg 1200w, https:\/\/www.asv-hofweier.de\/wordpress\/wp-content\/uploads\/2020\/07\/12-1.jpg 1426w\" data-sizes=\"(max-width: 600px) 100vw, 600px\" src=\"data:image\/svg+xml;base64,PHN2ZyB3aWR0aD0iMSIgaGVpZ2h0PSIxIiB4bWxucz0iaHR0cDovL3d3dy53My5vcmcvMjAwMC9zdmciPjwvc3ZnPg==\" style=\"--smush-placeholder-width: 600px; --smush-placeholder-aspect-ratio: 600\/351;\" \/><\/a><\/p>\n<p>&nbsp;<\/p>\n","protected":false},"excerpt":{"rendered":"<p>K\u00f6nigwaldsee in Hofweier Erreichbar von der Bundesstra\u00dfe 3 zwischen Hofweier [&hellip;]<\/p>\n","protected":false},"author":2,"featured_media":0,"parent":0,"menu_order":0,"comment_status":"open","ping_status":"closed","template":"","meta":{"footnotes":""},"class_list":["post-7","page","type-page","status-publish","hentry"],"_links":{"self":[{"href":"https:\/\/www.asv-hofweier.de\/wordpress\/index.php?rest_route=\/wp\/v2\/pages\/7","targetHints":{"allow":["GET"]}}],"collection":[{"href":"https:\/\/www.asv-hofweier.de\/wordpress\/index.php?rest_route=\/wp\/v2\/pages"}],"about":[{"href":"https:\/\/www.asv-hofweier.de\/wordpress\/index.php?rest_route=\/wp\/v2\/types\/page"}],"author":[{"embeddable":true,"href":"https:\/\/www.asv-hofweier.de\/wordpress\/index.php?rest_route=\/wp\/v2\/users\/2"}],"replies":[{"embeddable":true,"href":"https:\/\/www.asv-hofweier.de\/wordpress\/index.php?rest_route=%2Fwp%2Fv2%2Fcomments&post=7"}],"version-history":[{"count":24,"href":"https:\/\/www.asv-hofweier.de\/wordpress\/index.php?rest_route=\/wp\/v2\/pages\/7\/revisions"}],"predecessor-version":[{"id":641,"href":"https:\/\/www.asv-hofweier.de\/wordpress\/index.php?rest_route=\/wp\/v2\/pages\/7\/revisions\/641"}],"wp:attachment":[{"href":"https:\/\/www.asv-hofweier.de\/wordpress\/index.php?rest_route=%2Fwp%2Fv2%2Fmedia&parent=7"}],"curies":[{"name":"wp","href":"https:\/\/api.w.org\/{rel}","templated":true}]}}