{"id":27,"date":"2013-06-07T14:47:17","date_gmt":"2013-06-07T12:47:17","guid":{"rendered":"http:\/\/www.asv-hofweier.de\/wordpress\/?page_id=27"},"modified":"2020-07-14T14:45:21","modified_gmt":"2020-07-14T12:45:21","slug":"mitglied-werden","status":"publish","type":"page","link":"https:\/\/www.asv-hofweier.de\/wordpress\/?page_id=27","title":{"rendered":"Mitglied werden"},"content":{"rendered":"<div id=\"toolbar-a4241a10-bd41-4594-88ed-e929a54c64c1\" class=\"block-library-classic__toolbar has-advanced-toolbar\" data-placeholder=\"Classic\">\r\n<div id=\"mceu_59\" class=\"mce-tinymce mce-tinymce-inline mce-container mce-panel\" tabindex=\"-1\" role=\"application\">\r\n<div id=\"mceu_59-body\" class=\"mce-container-body mce-abs-layout\">\r\n<div id=\"mceu_60\" class=\"mce-toolbar-grp mce-container mce-panel mce-abs-layout-item mce-first mce-last\" tabindex=\"-1\" role=\"group\">\r\n<div id=\"mceu_60-body\" class=\"mce-container-body mce-stack-layout\">\r\n<div id=\"mceu_61\" class=\"mce-container mce-toolbar mce-stack-layout-item mce-first\" role=\"toolbar\">\r\n<div id=\"mceu_61-body\" class=\"mce-container-body mce-flow-layout\">\r\n<div id=\"mceu_62\" class=\"mce-container mce-flow-layout-item mce-first mce-last mce-btn-group\" role=\"group\">\r\n<div id=\"mceu_62-body\">\r\n<div id=\"mceu_42\" class=\"mce-widget mce-btn mce-bws_shortcode_button mce-last mce-btn-has-text\" tabindex=\"-1\" role=\"button\" aria-label=\"Add BWS Plugins Shortcode\">\u00a0<\/div>\r\n<\/div>\r\n<\/div>\r\n<\/div>\r\n<\/div>\r\n<div id=\"mceu_63\" class=\"mce-container mce-toolbar mce-stack-layout-item\" role=\"toolbar\">\r\n<div id=\"mceu_63-body\" class=\"mce-container-body mce-flow-layout\">\r\n<div id=\"mceu_64\" class=\"mce-container mce-flow-layout-item mce-first mce-last mce-btn-group\" role=\"group\">\r\n<div id=\"mceu_64-body\">\r\n<div id=\"mceu_49\" class=\"mce-widget mce-btn\" tabindex=\"-1\" role=\"button\" aria-label=\"Einzug verringern\">\u00a0<\/div>\r\n<div id=\"mceu_50\" class=\"mce-widget mce-btn\" tabindex=\"-1\" role=\"button\" aria-label=\"Einzug erh\u00f6hen\">\u00a0<\/div>\r\n<div id=\"mceu_51\" class=\"mce-widget mce-btn mce-disabled\" tabindex=\"-1\" role=\"button\" aria-label=\"R\u00fcckg\u00e4ngig (Ctrl+Z)\" aria-disabled=\"true\">\u00a0<\/div>\r\n<div id=\"mceu_52\" class=\"mce-widget mce-btn mce-disabled\" tabindex=\"-1\" role=\"button\" aria-label=\"Wiederholen (Ctrl+Y)\" aria-disabled=\"true\">\u00a0<\/div>\r\n<div id=\"mceu_53\" class=\"mce-widget mce-btn mce-last\" tabindex=\"-1\" role=\"button\" aria-label=\"Tastaturk\u00fcrzel (Shift+Alt+H)\"><a href=\"http:\/\/www.asv-hofweier.de\/wordpress\/wp-content\/uploads\/2020\/06\/start.jpg\"><img decoding=\"async\" class=\"size-full wp-image-394 aligncenter lazyload\" data-src=\"http:\/\/www.asv-hofweier.de\/wordpress\/wp-content\/uploads\/2020\/06\/start.jpg\" alt=\"\" width=\"675\" height=\"254\" data-srcset=\"https:\/\/www.asv-hofweier.de\/wordpress\/wp-content\/uploads\/2020\/06\/start-300x113.jpg 300w, https:\/\/www.asv-hofweier.de\/wordpress\/wp-content\/uploads\/2020\/06\/start.jpg 675w\" data-sizes=\"(max-width: 675px) 100vw, 675px\" src=\"data:image\/svg+xml;base64,PHN2ZyB3aWR0aD0iMSIgaGVpZ2h0PSIxIiB4bWxucz0iaHR0cDovL3d3dy53My5vcmcvMjAwMC9zdmciPjwvc3ZnPg==\" style=\"--smush-placeholder-width: 675px; --smush-placeholder-aspect-ratio: 675\/254;\" \/><\/a><\/div>\r\n<\/div>\r\n<\/div>\r\n<\/div>\r\n<\/div>\r\n<div id=\"mceu_65\" class=\"mce-container mce-toolbar mce-stack-layout-item mce-last\" role=\"toolbar\">\r\n<div id=\"mceu_65-body\" class=\"mce-container-body mce-flow-layout\">\r\n<div id=\"mceu_66\" class=\"mce-container mce-flow-layout-item mce-first mce-last mce-btn-group\" role=\"group\">\r\n<div id=\"mceu_66-body\">\r\n<div id=\"mceu_54\" class=\"mce-widget mce-btn mce-first\" tabindex=\"-1\" role=\"button\" aria-label=\"Add Button\">\u00a0<\/div>\r\n<div id=\"mceu_58\" class=\"mce-widget mce-btn mce-last\" tabindex=\"-1\" role=\"button\" aria-label=\"Add Icon Box\">\u00a0<\/div>\r\n<\/div>\r\n<\/div>\r\n<\/div>\r\n<\/div>\r\n<\/div>\r\n<\/div>\r\n<\/div>\r\n<\/div>\r\n<\/div>\r\n<p><strong>So werden Sie Mitglied beim ASV Hofweier e. V.<\/strong><\/p>\r\n<p>Wir freuen uns immer \u00fcber neue Mitglieder in unserem Verein, denn die gemeinsame Aus\u00fcbung unseres Hobbys macht einfach am meisten Spa\u00df! Voraussetzungen zur Aufnahme in den ASV Hofweier e. V. sind die abgelegte staatliche Sportfischerpr\u00fcfung und der Besitz eines g\u00fcltigen staatlichen Fischereischeins. Die Pr\u00fcfung muss den Anforderungen der Baden W\u00fcrttembergischen Sportfischerpr\u00fcfung entsprechen (z.B. mindestens 30 Lehrgangsstunden).Jugendliche ab dem 10. bis zum 16. Lebensjahr werden auch ohne Sportfischerpr\u00fcfung mit dem Jugendfischereischein aufgenommen. Diese Jugendlichen d\u00fcrfen die Fischerei nur in Begleitung eines vollj\u00e4hrigen Vereinsmitgliedes aus\u00fcben.<\/p>\r\n<p><a href=\"http:\/\/www.asv-hofweier.de\/wordpress\/wp-content\/uploads\/2020\/07\/11.jpg\"><img decoding=\"async\" class=\"alignnone  wp-image-456 lazyload\" data-src=\"http:\/\/www.asv-hofweier.de\/wordpress\/wp-content\/uploads\/2020\/07\/11.jpg\" alt=\"\" width=\"578\" height=\"378\" data-srcset=\"https:\/\/www.asv-hofweier.de\/wordpress\/wp-content\/uploads\/2020\/07\/11-300x196.jpg 300w, https:\/\/www.asv-hofweier.de\/wordpress\/wp-content\/uploads\/2020\/07\/11.jpg 478w\" data-sizes=\"(max-width: 578px) 100vw, 578px\" src=\"data:image\/svg+xml;base64,PHN2ZyB3aWR0aD0iMSIgaGVpZ2h0PSIxIiB4bWxucz0iaHR0cDovL3d3dy53My5vcmcvMjAwMC9zdmciPjwvc3ZnPg==\" style=\"--smush-placeholder-width: 578px; --smush-placeholder-aspect-ratio: 578\/378;\" \/><\/a><\/p>\r\n<p>Warum m\u00fcssen Arbeitsdienste geleistet werden?<\/p>\r\n<p><a href=\"http:\/\/www.asv-hofweier.de\/wordpress\/wp-content\/uploads\/2013\/06\/IMG_9988-3.jpg\"><img decoding=\"async\" class=\"alignnone size-large wp-image-308 lazyload\" data-src=\"http:\/\/www.asv-hofweier.de\/wordpress\/wp-content\/uploads\/2013\/06\/IMG_9988-3-1024x683.jpg\" alt=\"\" width=\"1024\" height=\"683\" data-srcset=\"https:\/\/www.asv-hofweier.de\/wordpress\/wp-content\/uploads\/2013\/06\/IMG_9988-3-120x80.jpg 120w, https:\/\/www.asv-hofweier.de\/wordpress\/wp-content\/uploads\/2013\/06\/IMG_9988-3-300x200.jpg 300w, https:\/\/www.asv-hofweier.de\/wordpress\/wp-content\/uploads\/2013\/06\/IMG_9988-3-1024x683.jpg 1024w, https:\/\/www.asv-hofweier.de\/wordpress\/wp-content\/uploads\/2013\/06\/IMG_9988-3.jpg 2560w\" data-sizes=\"(max-width: 1024px) 100vw, 1024px\" src=\"data:image\/svg+xml;base64,PHN2ZyB3aWR0aD0iMSIgaGVpZ2h0PSIxIiB4bWxucz0iaHR0cDovL3d3dy53My5vcmcvMjAwMC9zdmciPjwvc3ZnPg==\" style=\"--smush-placeholder-width: 1024px; --smush-placeholder-aspect-ratio: 1024\/683;\" \/><\/a><\/p>\r\n<p>Unser Verein betreut den K\u00f6nigswaldsee. Alle hier anfallenden Arbeiten k\u00f6nnen nicht alleine vom Vorstand geleistet werden. Wir haben als P\u00e4chter von Fischereirechten nicht nur das Recht auf Nutzung der Fischbest\u00e4nde, sondern auch die Verpflichtung unsere Gew\u00e4sser zu hegen und zu pflegen. Als anerkannter Naturschutzverband ist es f\u00fcr uns selbstverst\u00e4ndlich, vielf\u00e4ltige Arbeiten an den Gew\u00e4ssern (z.B. Pflanzaktionen, Artenschutzma\u00dfnahmen und j\u00e4hrliche Gew\u00e4sserreinigungen) durchzuf\u00fchren. Hierzu bedarf es des Engagements aller Mitglieder unseres Vereins.<\/p>\r\n\r\n<p>&nbsp;<\/p>\r\n","protected":false},"excerpt":{"rendered":"<p>\u00a0 \u00a0 \u00a0 \u00a0 \u00a0 \u00a0 \u00a0 So werden Sie  [&#8230;]<\/p>\n","protected":false},"author":2,"featured_media":0,"parent":10,"menu_order":0,"comment_status":"open","ping_status":"closed","template":"","meta":{"footnotes":""},"class_list":["post-27","page","type-page","status-publish","hentry"],"_links":{"self":[{"href":"https:\/\/www.asv-hofweier.de\/wordpress\/index.php?rest_route=\/wp\/v2\/pages\/27","targetHints":{"allow":["GET"]}}],"collection":[{"href":"https:\/\/www.asv-hofweier.de\/wordpress\/index.php?rest_route=\/wp\/v2\/pages"}],"about":[{"href":"https:\/\/www.asv-hofweier.de\/wordpress\/index.php?rest_route=\/wp\/v2\/types\/page"}],"author":[{"embeddable":true,"href":"https:\/\/www.asv-hofweier.de\/wordpress\/index.php?rest_route=\/wp\/v2\/users\/2"}],"replies":[{"embeddable":true,"href":"https:\/\/www.asv-hofweier.de\/wordpress\/index.php?rest_route=%2Fwp%2Fv2%2Fcomments&post=27"}],"version-history":[{"count":20,"href":"https:\/\/www.asv-hofweier.de\/wordpress\/index.php?rest_route=\/wp\/v2\/pages\/27\/revisions"}],"predecessor-version":[{"id":649,"href":"https:\/\/www.asv-hofweier.de\/wordpress\/index.php?rest_route=\/wp\/v2\/pages\/27\/revisions\/649"}],"up":[{"embeddable":true,"href":"https:\/\/www.asv-hofweier.de\/wordpress\/index.php?rest_route=\/wp\/v2\/pages\/10"}],"wp:attachment":[{"href":"https:\/\/www.asv-hofweier.de\/wordpress\/index.php?rest_route=%2Fwp%2Fv2%2Fmedia&parent=27"}],"curies":[{"name":"wp","href":"https:\/\/api.w.org\/{rel}","templated":true}]}}