{"id":21,"date":"2013-06-07T14:46:19","date_gmt":"2013-06-07T12:46:19","guid":{"rendered":"http:\/\/www.asv-hofweier.de\/wordpress\/?page_id=21"},"modified":"2020-07-14T14:51:57","modified_gmt":"2020-07-14T12:51:57","slug":"vereinshistorie","status":"publish","type":"page","link":"https:\/\/www.asv-hofweier.de\/wordpress\/?page_id=21","title":{"rendered":"Vereinshistorie"},"content":{"rendered":"<h1 style=\"text-align: center;\"><span style=\"color: #339966;\">Vereinshistorie<\/span><\/h1>\n<p>Noch in den 50er und 60 Jahren gab es am K\u00f6nigswaldgel\u00e4nde\u00a0 Baggerseen, welche durch Kiesabbau vertieft und auf 2 Seen zusammengef\u00fchrt wurden. An jedem der Seen gab es Angelinteressengemeinschaften,welche es galt, unter einen Hut zu bringen. Auf der einen Seite den Anglerclub Offenburg, in welchem Franz Schindler als Hofweirer ma\u00dfgeblichen Einfluss hatte. Dieser Angelverein hatte als Angelrevier den F\u00e4\u00dflersee gepachtet. Auf der anderen Seite agierten am K\u00f6nigswaldsee die \u201cAngelfreunde Hofweier\u201c. Ma\u00dfgeblicher Mann dieser Gruppe war Hermann Bandle,welcher dann auch als Gr\u00fcndungsvorstand des heutigen Angelsportvereins Hofweier den Zusammenschluss dieser beiden Gruppen durchf\u00fchrte. Der neue Verein wurde unter dem am 1.1.1970 gegr\u00fcndeten Verein fortgef\u00fchrt und \u00e4nderte lediglich den Vereinsnamen in die Bezeichnung \u201eAngelsportverein Hofweier e.V.\u201c<a href=\"http:\/\/www.asv-hofweier.de\/wordpress\/wp-content\/uploads\/2013\/06\/IMG_6164.jpg\"><img decoding=\"async\" class=\"size-large wp-image-255 aligncenter lazyload\" data-src=\"http:\/\/www.asv-hofweier.de\/wordpress\/wp-content\/uploads\/2013\/06\/IMG_6164-1024x683.jpg\" alt=\"\" width=\"1024\" height=\"683\" data-srcset=\"https:\/\/www.asv-hofweier.de\/wordpress\/wp-content\/uploads\/2013\/06\/IMG_6164-120x80.jpg 120w, https:\/\/www.asv-hofweier.de\/wordpress\/wp-content\/uploads\/2013\/06\/IMG_6164-300x200.jpg 300w, https:\/\/www.asv-hofweier.de\/wordpress\/wp-content\/uploads\/2013\/06\/IMG_6164-1024x683.jpg 1024w, https:\/\/www.asv-hofweier.de\/wordpress\/wp-content\/uploads\/2013\/06\/IMG_6164.jpg 3456w\" data-sizes=\"(max-width: 1024px) 100vw, 1024px\" src=\"data:image\/svg+xml;base64,PHN2ZyB3aWR0aD0iMSIgaGVpZ2h0PSIxIiB4bWxucz0iaHR0cDovL3d3dy53My5vcmcvMjAwMC9zdmciPjwvc3ZnPg==\" style=\"--smush-placeholder-width: 1024px; --smush-placeholder-aspect-ratio: 1024\/683;\" \/><\/a><\/p>\n<p>28 Gr\u00fcndungsmitglieder haben sich diesem neuen Verein im Jahre 1977 angeschlossen und einen totalen Neuaufbau betrieben. Die Hauptaufgabe des neuen Vereins war es, die Rekultivierung um die beiden Seen voranzubringen, da noch bis zum Jahr 1984 am K\u00f6nigswaldsee gebaggert wurde. J\u00e4hrlich ca. 1200 Arbeitsstunden wurden bis zum heutigen Tag durch die Mitglieder und freiwilligen Helfer des Angelsportvereins Hofweier f\u00fcr die Rekultivierung und Seepflege erbracht. Inzwischen ist das Gel\u00e4nde am K\u00f6nigswaldsee durch die intensive Arbeit des Angelsportvereins zu einem kleinen Eldorado f\u00fcr die Hohberger geworden. Die Mitglieder des Angelsportvereins Hofweier haben es durch ihre Tatkraft verstanden, aus einem \u201eT\u00fcmpel\u201c und einer \u201eLeimengrube\u201c ein Naherholungsgebiet zum Nulltarif f\u00fcr die Hohberger B\u00fcrgerinnen und B\u00fcrger zu schaffen. Der Angelsportverein Hofweier hat schon Umweltschutz und Gew\u00e4sserschutz betrieben, als dies f\u00fcr viele Menschen noch fast ein Fremdwort war. Die Mitgliederzahl wuchs von 28 Gr\u00fcndungsmitgliedern auf inzwischen fast 270 aktive und passive Mitglieder im Jahre 2020. Mit dieser Mitgliederzahl ist der Angelsportverein Hofweier einer der mitgliederst\u00e4rksten Angelvereine unserer Umgebung. Ein weiteres Novum hat der Angelsportverein zu vermelden. Ein eigenes M\u00e4hboot zum M\u00e4hen des erh\u00f6hten Krautbewuchses ist seit 4 Jahren im Einsatz. Der Krautbewuchs ist um die H\u00e4lfte zur\u00fcckgegangen! Auch die Jugendarbeit wurde kontinuierlich aufgebaut. Jahrelang hatte man \u00fcber 20 Jungangler zu betreuen. Momentan wird die Jugend von Florian Irslinger betreut.<br \/>\nDer Vorstand<\/p>\n<p><a href=\"http:\/\/www.asv-hofweier.de\/wordpress\/wp-content\/uploads\/2013\/06\/IMG_0059.jpg\"><img decoding=\"async\" class=\"size-large wp-image-331 aligncenter lazyload\" data-src=\"http:\/\/www.asv-hofweier.de\/wordpress\/wp-content\/uploads\/2013\/06\/IMG_0059-1024x683.jpg\" alt=\"\" width=\"1024\" height=\"683\" data-srcset=\"https:\/\/www.asv-hofweier.de\/wordpress\/wp-content\/uploads\/2013\/06\/IMG_0059-120x80.jpg 120w, https:\/\/www.asv-hofweier.de\/wordpress\/wp-content\/uploads\/2013\/06\/IMG_0059-300x200.jpg 300w, https:\/\/www.asv-hofweier.de\/wordpress\/wp-content\/uploads\/2013\/06\/IMG_0059-1024x683.jpg 1024w, https:\/\/www.asv-hofweier.de\/wordpress\/wp-content\/uploads\/2013\/06\/IMG_0059.jpg 2560w\" data-sizes=\"(max-width: 1024px) 100vw, 1024px\" src=\"data:image\/svg+xml;base64,PHN2ZyB3aWR0aD0iMSIgaGVpZ2h0PSIxIiB4bWxucz0iaHR0cDovL3d3dy53My5vcmcvMjAwMC9zdmciPjwvc3ZnPg==\" style=\"--smush-placeholder-width: 1024px; --smush-placeholder-aspect-ratio: 1024\/683;\" \/><\/a><\/p>\n","protected":false},"excerpt":{"rendered":"<p>Vereinshistorie Noch in den 50er und 60 Jahren gab es  [&#8230;]<\/p>\n","protected":false},"author":2,"featured_media":0,"parent":10,"menu_order":0,"comment_status":"open","ping_status":"open","template":"","meta":{"footnotes":""},"class_list":["post-21","page","type-page","status-publish","hentry"],"_links":{"self":[{"href":"https:\/\/www.asv-hofweier.de\/wordpress\/index.php?rest_route=\/wp\/v2\/pages\/21","targetHints":{"allow":["GET"]}}],"collection":[{"href":"https:\/\/www.asv-hofweier.de\/wordpress\/index.php?rest_route=\/wp\/v2\/pages"}],"about":[{"href":"https:\/\/www.asv-hofweier.de\/wordpress\/index.php?rest_route=\/wp\/v2\/types\/page"}],"author":[{"embeddable":true,"href":"https:\/\/www.asv-hofweier.de\/wordpress\/index.php?rest_route=\/wp\/v2\/users\/2"}],"replies":[{"embeddable":true,"href":"https:\/\/www.asv-hofweier.de\/wordpress\/index.php?rest_route=%2Fwp%2Fv2%2Fcomments&post=21"}],"version-history":[{"count":12,"href":"https:\/\/www.asv-hofweier.de\/wordpress\/index.php?rest_route=\/wp\/v2\/pages\/21\/revisions"}],"predecessor-version":[{"id":651,"href":"https:\/\/www.asv-hofweier.de\/wordpress\/index.php?rest_route=\/wp\/v2\/pages\/21\/revisions\/651"}],"up":[{"embeddable":true,"href":"https:\/\/www.asv-hofweier.de\/wordpress\/index.php?rest_route=\/wp\/v2\/pages\/10"}],"wp:attachment":[{"href":"https:\/\/www.asv-hofweier.de\/wordpress\/index.php?rest_route=%2Fwp%2Fv2%2Fmedia&parent=21"}],"curies":[{"name":"wp","href":"https:\/\/api.w.org\/{rel}","templated":true}]}}