{"id":19,"date":"2013-06-07T14:45:52","date_gmt":"2013-06-07T12:45:52","guid":{"rendered":"http:\/\/www.asv-hofweier.de\/wordpress\/?page_id=19"},"modified":"2021-08-16T18:56:00","modified_gmt":"2021-08-16T16:56:00","slug":"jungangler","status":"publish","type":"page","link":"https:\/\/www.asv-hofweier.de\/wordpress\/?page_id=19","title":{"rendered":"Jungangler"},"content":{"rendered":"<h1 style=\"text-align: center;\">Jugendarbeit beim ASV Hofweier<\/h1>\n<p>Die Jugendarbeit bei den Vereinen ist in den letzten Jahrzehnten immer mehr in den Vordergrund ger\u00fcckt!<br \/>\nLeider darf ein Jungangler erst mit 10 Jahren einen Jugendfischereischein erwerben. Das hei\u00dft f\u00fcr uns Angler, dass die Jugendlichen zumeist schon in anderen Vereinen aktiv sind. Trotzdem hatten wir in den letzten Jahren immer eine gewisse Anzahl an Jugendlichen Anglern. Beim ASV Hofweier wurde auch das Umweltverhalten geschult. So gibt es jedes Jahr 1-2 mal eine \u201eSeeputzete\u201c wo reichlich Unrat aufgesammelt wird. Seit Jahren nimmt der ASV Hofweier an der Ferienfreizeit der Gemeinde teil. Die Ferienfreizeit in Hohberg ist \u00fcberregional bekannt und hat in Baden-W\u00fcrttemberg einen hohen Stellenwert.Den gr\u00f6\u00dften Spa\u00df bereiteten den Junganglern die j\u00e4hrlichen Wochenenden am See mit Angeln, Spielen, Grillen etc. Aber auch an unserem Teilst\u00fcck des Rheins werden im kommenden Jahr mehreregemeinsame Angeltage folgen.<\/p>\n<h5><img decoding=\"async\" class=\"wp-image-448 alignright lazyload\" data-src=\"http:\/\/www.asv-hofweier.de\/wordpress\/wp-content\/uploads\/2020\/07\/jung1-197x300.jpg\" alt=\"\" width=\"301\" height=\"459\" data-srcset=\"https:\/\/www.asv-hofweier.de\/wordpress\/wp-content\/uploads\/2020\/07\/jung1-197x300.jpg 197w, https:\/\/www.asv-hofweier.de\/wordpress\/wp-content\/uploads\/2020\/07\/jung1.jpg 407w\" data-sizes=\"(max-width: 301px) 100vw, 301px\" src=\"data:image\/svg+xml;base64,PHN2ZyB3aWR0aD0iMSIgaGVpZ2h0PSIxIiB4bWxucz0iaHR0cDovL3d3dy53My5vcmcvMjAwMC9zdmciPjwvc3ZnPg==\" style=\"--smush-placeholder-width: 301px; --smush-placeholder-aspect-ratio: 301\/459;\" \/><\/h5>\n<h6><a href=\"http:\/\/www.asv-hofweier.de\/wordpress\/wp-content\/uploads\/2020\/07\/jung.jpg\"><img decoding=\"async\" class=\"alignnone size-full wp-image-446 lazyload\" data-src=\"http:\/\/www.asv-hofweier.de\/wordpress\/wp-content\/uploads\/2020\/07\/jung.jpg\" alt=\"\" width=\"689\" height=\"481\" data-srcset=\"https:\/\/www.asv-hofweier.de\/wordpress\/wp-content\/uploads\/2020\/07\/jung-300x209.jpg 300w, https:\/\/www.asv-hofweier.de\/wordpress\/wp-content\/uploads\/2020\/07\/jung.jpg 689w\" data-sizes=\"(max-width: 689px) 100vw, 689px\" src=\"data:image\/svg+xml;base64,PHN2ZyB3aWR0aD0iMSIgaGVpZ2h0PSIxIiB4bWxucz0iaHR0cDovL3d3dy53My5vcmcvMjAwMC9zdmciPjwvc3ZnPg==\" style=\"--smush-placeholder-width: 689px; --smush-placeholder-aspect-ratio: 689\/481;\" \/><\/a><\/h6>\n<p>Se<span style=\"font-size: 16px;\">it 26 Jahren Treffen sich Jungangler aus 7 Vereinen zum allj\u00e4hrlichen \u201eHegefischen\u201c. Was vorher bei den Erwachsenen geklappt hatte wurde dann auch von unserm damaligen Jugendwart Bernd Palmer f\u00fcr die Jungangler und Junganglerinnen ins Leben gerufen. Die einzelnen Vereine kommen aus Griesheim, Ortenberg,Hofweier, Hesselhurst,Schutterwald, Berghaupten und Gengenbach.Das gemeinsame Angeln mit Junganglern von anderen Vereinen soll in den kommenden Jahren noch mehr verst\u00e4rkt in den<\/span><span style=\"font-size: 16px;\">Vordergrund treten.Seit einigen Jahren wird unsere Jugendabteilung von Fritz Wohlschlegel und dem ehemaligen Jungangler Florian Irslinger geleitet. Beim j\u00e4hrlichen Fischen in Plobsheim, beim Friedfischangeln und beim Raubfischangeln am K\u00f6nigswaldsee sind die Jungangler stehts vertreten. Auch beim 3- t\u00e4gigen Angelsportfest Ende Juni sind unsere Jugendlichen mit ihrer Arbeitskraft im Einsatz.<\/span><\/p>\n<p><a href=\"http:\/\/www.asv-hofweier.de\/wordpress\/wp-content\/uploads\/2021\/08\/167.jpg\"><img decoding=\"async\" class=\"alignnone size-full wp-image-749 lazyload\" data-src=\"http:\/\/www.asv-hofweier.de\/wordpress\/wp-content\/uploads\/2021\/08\/167.jpg\" alt=\"\" width=\"720\" height=\"736\" data-srcset=\"https:\/\/www.asv-hofweier.de\/wordpress\/wp-content\/uploads\/2021\/08\/167-66x66.jpg 66w, https:\/\/www.asv-hofweier.de\/wordpress\/wp-content\/uploads\/2021\/08\/167-200x204.jpg 200w, https:\/\/www.asv-hofweier.de\/wordpress\/wp-content\/uploads\/2021\/08\/167-293x300.jpg 293w, https:\/\/www.asv-hofweier.de\/wordpress\/wp-content\/uploads\/2021\/08\/167-400x409.jpg 400w, https:\/\/www.asv-hofweier.de\/wordpress\/wp-content\/uploads\/2021\/08\/167-600x613.jpg 600w, https:\/\/www.asv-hofweier.de\/wordpress\/wp-content\/uploads\/2021\/08\/167.jpg 720w\" data-sizes=\"(max-width: 720px) 100vw, 720px\" src=\"data:image\/svg+xml;base64,PHN2ZyB3aWR0aD0iMSIgaGVpZ2h0PSIxIiB4bWxucz0iaHR0cDovL3d3dy53My5vcmcvMjAwMC9zdmciPjwvc3ZnPg==\" style=\"--smush-placeholder-width: 720px; --smush-placeholder-aspect-ratio: 720\/736;\" \/><\/a><\/p>\n","protected":false},"excerpt":{"rendered":"<p>Jugendarbeit beim ASV Hofweier Die Jugendarbeit bei den Vereinen ist  [&#8230;]<\/p>\n","protected":false},"author":2,"featured_media":0,"parent":0,"menu_order":0,"comment_status":"open","ping_status":"closed","template":"","meta":{"footnotes":""},"class_list":["post-19","page","type-page","status-publish","hentry"],"_links":{"self":[{"href":"https:\/\/www.asv-hofweier.de\/wordpress\/index.php?rest_route=\/wp\/v2\/pages\/19","targetHints":{"allow":["GET"]}}],"collection":[{"href":"https:\/\/www.asv-hofweier.de\/wordpress\/index.php?rest_route=\/wp\/v2\/pages"}],"about":[{"href":"https:\/\/www.asv-hofweier.de\/wordpress\/index.php?rest_route=\/wp\/v2\/types\/page"}],"author":[{"embeddable":true,"href":"https:\/\/www.asv-hofweier.de\/wordpress\/index.php?rest_route=\/wp\/v2\/users\/2"}],"replies":[{"embeddable":true,"href":"https:\/\/www.asv-hofweier.de\/wordpress\/index.php?rest_route=%2Fwp%2Fv2%2Fcomments&post=19"}],"version-history":[{"count":26,"href":"https:\/\/www.asv-hofweier.de\/wordpress\/index.php?rest_route=\/wp\/v2\/pages\/19\/revisions"}],"predecessor-version":[{"id":752,"href":"https:\/\/www.asv-hofweier.de\/wordpress\/index.php?rest_route=\/wp\/v2\/pages\/19\/revisions\/752"}],"wp:attachment":[{"href":"https:\/\/www.asv-hofweier.de\/wordpress\/index.php?rest_route=%2Fwp%2Fv2%2Fmedia&parent=19"}],"curies":[{"name":"wp","href":"https:\/\/api.w.org\/{rel}","templated":true}]}}